{"id":25996,"date":"2023-11-17T08:35:00","date_gmt":"2023-11-17T08:35:00","guid":{"rendered":"https:\/\/nectanet.de\/ebay-ta-ville\/"},"modified":"2024-03-06T10:16:42","modified_gmt":"2024-03-06T10:16:42","slug":"ebay-ta-ville","status":"publish","type":"page","link":"https:\/\/nectanet.de\/fr\/projet\/ebay-ta-ville\/","title":{"rendered":"Ebay ta ville"},"content":{"rendered":"\t\t<div data-elementor-type=\"wp-page\" data-elementor-id=\"25996\" class=\"elementor elementor-25996 elementor-21282\" data-elementor-post-type=\"page\">\n\t\t\t\t\t\t<section class=\"elementor-section elementor-top-section elementor-element elementor-element-aa108f9 elementor-reverse-mobile elementor-reverse-tablet elementor-section-boxed elementor-section-height-default elementor-section-height-default\" data-id=\"aa108f9\" data-element_type=\"section\">\n\t\t\t\t\t\t<div class=\"elementor-container elementor-column-gap-default\">\n\t\t\t\t\t<div class=\"lqd-css-sticky-column elementor-column elementor-col-50 elementor-top-column elementor-element elementor-element-b1a1a90\" style=\"--lqd-sticky-offset:0px\" data-id=\"b1a1a90\" data-element_type=\"column\">\n\t\t\t<div class=\"elementor-widget-wrap elementor-element-populated\">\n\t\t\t\t\t\t<div class=\"elementor-element elementor-element-8db2e50 elementor-widget elementor-widget-ld_custom_menu\" data-id=\"8db2e50\" data-element_type=\"widget\" data-widget_type=\"ld_custom_menu.default\">\n\t\t\t\t<div class=\"elementor-widget-container\">\n\t\t\t\n\t\t\t<div\t\t\t\tclass=\"lqd-fancy-menu lqd-custom-menu pos-rel menu-items-has-fill lqd-menu-td-none\"\n\t\t\t\t\t\t\t>\n\t\t\t\n\t\t\t\t\t\t<ul id=\"lqd-custom-menu-8db2e50\" class=\"reset-ul   \" itemtype=\"http:\/\/schema.org\/SiteNavigationElement\" itemscope=\"itemscope\"><li id=\"menu-item-26708\" class=\"menu-item menu-item-type-post_type menu-item-object-page menu-item-26708\"><a href=\"https:\/\/nectanet.de\/fr\/projet\/digikomm\/\">DigiKomm<\/a><\/li>\n<li id=\"menu-item-26706\" class=\"menu-item menu-item-type-post_type menu-item-object-page menu-item-26706\"><a href=\"https:\/\/nectanet.de\/fr\/projet\/ebay-ta-ville\/\">Ebay ta ville<\/a><\/li>\n<li id=\"menu-item-26705\" class=\"menu-item menu-item-type-post_type menu-item-object-page menu-item-26705\"><a href=\"https:\/\/nectanet.de\/fr\/projet\/black-forest-health\/\">black forest health<\/a><\/li>\n<li id=\"menu-item-26704\" class=\"menu-item menu-item-type-post_type menu-item-object-page menu-item-26704\"><a href=\"https:\/\/nectanet.de\/fr\/projet\/black-forest-career\/\">black forest career<\/a><\/li>\n<li id=\"menu-item-26707\" class=\"menu-item menu-item-type-post_type menu-item-object-page menu-item-26707\"><a href=\"https:\/\/nectanet.de\/fr\/projet\/aide-en-cas-de-crise\/\">aide en cas de crise<\/a><\/li>\n<\/ul>\t\t\t\t\t\t\t\t\t<\/div>\n\t\t\t\t<\/div>\n\t\t\t\t<\/div>\n\t\t\t\t<section class=\"elementor-section elementor-inner-section elementor-element elementor-element-6edf342 elementor-section-boxed elementor-section-height-default elementor-section-height-default\" data-id=\"6edf342\" data-element_type=\"section\">\n\t\t\t\t\t\t<div class=\"elementor-container elementor-column-gap-default\">\n\t\t\t\t\t<div class=\"elementor-column elementor-col-100 elementor-inner-column elementor-element elementor-element-c69474c\" data-id=\"c69474c\" data-element_type=\"column\" data-settings=\"{&quot;background_background&quot;:&quot;classic&quot;}\">\n\t\t\t<div class=\"elementor-widget-wrap elementor-element-populated\">\n\t\t\t\t\t\t<div class=\"elementor-element elementor-element-f90a56a elementor-widget elementor-widget-hub_fancy_heading\" data-id=\"f90a56a\" data-element_type=\"widget\" data-widget_type=\"hub_fancy_heading.default\">\n\t\t\t\t<div class=\"elementor-widget-container\">\n\t\t\t\n\t\t<div id=\"ld-fancy-heading-69f5b87b3e063\" class=\"ld-fancy-heading pos-rel\">\n\t\t\t<h3 class=\"ld-fh-element d-inline-block pos-rel  elementor-heading-title lqd-highlight-classic lqd-highlight-grow-left h3\"  > Personne de contact  <\/br>\nLinda Lehmann<\/h3>\t\t<\/div>\n\n\t\t\t\t<\/div>\n\t\t\t\t<\/div>\n\t\t\t\t<div class=\"elementor-element elementor-element-c7e859f elementor-widget-tablet__width-initial elementor-widget__width-auto elementor-widget elementor-widget-ld_fancy_image\" data-id=\"c7e859f\" data-element_type=\"widget\" data-widget_type=\"ld_fancy_image.default\">\n\t\t\t\t<div class=\"elementor-widget-container\">\n\t\t\t\n\t\t<div class=\"lqd-imggrp-single d-block pos-rel \">\n\t\t\t<div class=\"lqd-imggrp-img-container d-inline-flex pos-rel align-items-center justify-content-center \">\n\t\t\t\t\t\t\t\t<figure class=\"w-100 pos-rel\">\n\t\t\t\t\t<img fetchpriority=\"high\" decoding=\"async\" width=\"1000\" height=\"1255\" src=\"https:\/\/nectanet.de\/wp-content\/uploads\/2024\/02\/Linda-Portrait.jpg\" class=\"attachment-full size-full wp-image-22882\" alt=\"portraitbild assistent to ceo nectanet Linda Lehmann\" srcset=\"https:\/\/nectanet.de\/wp-content\/uploads\/2024\/02\/Linda-Portrait.jpg 1000w, https:\/\/nectanet.de\/wp-content\/uploads\/2024\/02\/Linda-Portrait-239x300.jpg 239w, https:\/\/nectanet.de\/wp-content\/uploads\/2024\/02\/Linda-Portrait-816x1024.jpg 816w, https:\/\/nectanet.de\/wp-content\/uploads\/2024\/02\/Linda-Portrait-300x377.jpg 300w\" sizes=\"(max-width: 1000px) 100vw, 1000px\" itemprop=\"image\" \/>\t\t\t\t\t\t\t\t\t\t\t\t\t\t\t\t\t\t\t\t\t\t\t\t\t\t\t\t\t<\/figure>\n\t\t\t<\/div>\n\t\t<\/div>\n\n\t\t\t<\/div>\n\t\t\t\t<\/div>\n\t\t\t\t<div class=\"elementor-element elementor-element-e64279b elementor-widget elementor-widget-button\" data-id=\"e64279b\" data-element_type=\"widget\" data-widget_type=\"button.default\">\n\t\t\t\t<div class=\"elementor-widget-container\">\n\t\t\t\t\t<div class=\"elementor-button-wrapper\">\n\t\t\t<a class=\"elementor-button elementor-button-link elementor-size-md\" href=\"https:\/\/nectanet.de\/fr\/contact\/\">\n\t\t\t\t\t\t<span class=\"elementor-button-content-wrapper\">\n\t\t\t\t\t\t\t\t\t<span class=\"elementor-button-text\">contacter<\/span>\n\t\t\t\t\t<\/span>\n\t\t\t\t\t<\/a>\n\t\t<\/div>\n\t\t\t\t<\/div>\n\t\t\t\t<\/div>\n\t\t\t\t\t<\/div>\n\t\t<\/div>\n\t\t\t\t\t<\/div>\n\t\t<\/section>\n\t\t\t\t\t<\/div>\n\t\t<\/div>\n\t\t\t\t<div class=\"elementor-column elementor-col-50 elementor-top-column elementor-element elementor-element-a851d91\" data-id=\"a851d91\" data-element_type=\"column\">\n\t\t\t<div class=\"elementor-widget-wrap elementor-element-populated\">\n\t\t\t\t\t\t<div class=\"elementor-element elementor-element-3d0d9ce elementor-widget elementor-widget-hub_fancy_heading\" data-id=\"3d0d9ce\" data-element_type=\"widget\" data-widget_type=\"hub_fancy_heading.default\">\n\t\t\t\t<div class=\"elementor-widget-container\">\n\t\t\t\n\t\t<div id=\"ld-fancy-heading-69f5b87b40bab\" class=\"ld-fancy-heading pos-rel\">\n\t\t\t<h1 class=\"ld-fh-element d-inline-block pos-rel  elementor-heading-title lqd-highlight-classic lqd-highlight-grow-left h1\"  > eBay votre ville<\/h1>\t\t<\/div>\n\n\t\t\t\t<\/div>\n\t\t\t\t<\/div>\n\t\t\t\t<div data-custom-animations=\"true\" data-ca-options=\"{&quot;addChildTimelines&quot;:false,&quot;animationTarget&quot;:&quot;.lqd-split-chars .lqd-chars .split-inner, .lqd-adv-txt-fig&quot;,&quot;duration&quot;:1800,&quot;delay&quot;:80,&quot;ease&quot;:[&quot;power4.out&quot;],&quot;initValues&quot;:{&quot;opacity&quot;:0},&quot;animations&quot;:{&quot;opacity&quot;:1}}\" class=\"elementor-element elementor-element-0c5a9b3 elementor-widget elementor-widget-hub_fancy_heading lqd-el-has-inner-anim\" data-id=\"0c5a9b3\" data-element_type=\"widget\" data-settings=\"{&quot;enable_split&quot;:&quot;true&quot;,&quot;split_type&quot;:&quot;chars, words&quot;}\" data-widget_type=\"hub_fancy_heading.default\">\n\t\t\t\t<div class=\"elementor-widget-container\">\n\t\t\t\n\t\t<div id=\"ld-fancy-heading-69f5b87b4101e\" class=\"ld-fancy-heading pos-rel\">\n\t\t\t<h2 class=\"ld-fh-element d-inline-block pos-rel  elementor-heading-title ld-gradient-heading lqd-highlight-classic lqd-highlight-grow-left lqd-split-chars h2\"  data-split-text=\"true\" data-split-options='{\"type\":\"chars, words\"}'> Commerce de d\u00e9tail<\/h2>\t\t<\/div>\n\n\t\t\t\t<\/div>\n\t\t\t\t<\/div>\n\t\t\t\t<div class=\"elementor-element elementor-element-29cc5c3 elementor-widget elementor-widget-ld_fancy_image\" data-id=\"29cc5c3\" data-element_type=\"widget\" data-widget_type=\"ld_fancy_image.default\">\n\t\t\t\t<div class=\"elementor-widget-container\">\n\t\t\t\n\t\t<div class=\"lqd-imggrp-single d-block pos-rel \">\n\t\t\t<div class=\"lqd-imggrp-img-container d-inline-flex pos-rel align-items-center justify-content-center \">\n\t\t\t\t\t\t\t\t<figure class=\"w-100 pos-rel\">\n\t\t\t\t\t<img decoding=\"async\" width=\"780\" height=\"520\" src=\"data:image\/svg+xml;charset=utf-8,%3Csvg xmlns%3D&#039;http%3A%2F%2Fwww.w3.org%2F2000%2Fsvg&#039; viewBox%3D&#039;0 0 1024 683&#039;%2F%3E\" class=\"attachment-large size-large wp-image-23852 ld-lazyload\" alt=\"panoramabild mit Slogan region ortenau bei ebay\" itemprop=\"image\" data-src=\"https:\/\/nectanet.de\/wp-content\/uploads\/2021\/11\/neactenet_ebay_deine_stadt_01.jpg\" data-srcset=\"https:\/\/nectanet.de\/wp-content\/uploads\/2021\/11\/neactenet_ebay_deine_stadt_01.jpg 1024w, https:\/\/nectanet.de\/wp-content\/uploads\/2021\/11\/neactenet_ebay_deine_stadt_01-300x200.jpg 300w, https:\/\/nectanet.de\/wp-content\/uploads\/2021\/11\/neactenet_ebay_deine_stadt_01-720x480.jpg 720w\" data-sizes=\"(max-width: 780px) 100vw, 780px\" data-aspect=\"1.4992679355783\" \/>\t\t\t\t\t<span class=\"lqd-overlay lqd-imggrp-overlay-bg\"><\/span>\t\t\t\t\t\t\t\t\t\t\t\t\t\t\t\t\t\t\t\t\t\t\t\t<\/figure>\n\t\t\t<\/div>\n\t\t<\/div>\n\n\t\t\t<\/div>\n\t\t\t\t<\/div>\n\t\t\t\t<div class=\"elementor-element elementor-element-d651f9e elementor-widget elementor-widget-hub_fancy_heading\" data-id=\"d651f9e\" data-element_type=\"widget\" data-widget_type=\"hub_fancy_heading.default\">\n\t\t\t\t<div class=\"elementor-widget-container\">\n\t\t\t\n\t\t<div id=\"ld-fancy-heading-69f5b87b48b16\" class=\"ld-fancy-heading pos-rel\">\n\t\t\t<p class=\"ld-fh-element d-inline-block pos-rel  lqd-highlight-classic lqd-highlight-grow-left p\"  > Notre contribution \u00e0 la pr\u00e9servation du commerce de d\u00e9tail : ax\u00e9e sur la technologie et l'innovation.\nLa Black Forest Power Region a \u00e9t\u00e9 la premi\u00e8re r\u00e9gion \u00e0 l'\u00e9chelle nationale \u00e0 \u00e9tablir un partenariat avec eBay.\ncoop\u00e9ration. Nous pouvons affirmer qu'avec notre initiative, nous avons\nLe concept d'eBay \"Ta ville\" a \u00e9t\u00e9 introduit dans les zones rurales. Avec\nun succ\u00e8s retentissant. Apr\u00e8s notre lancement au printemps 2021, plus de 760\nLes distributeurs de la Black Forest Power Region sont actifs sur cette plateforme. 66 millions d'euros de chiffre d'affaires\nont \u00e9t\u00e9 r\u00e9alis\u00e9s depuis sur eBay Ta ville - un chiffre d'affaires qui reste dans notre r\u00e9gion.<\/p>\t\t<\/div>\n\n\t\t\t\t<\/div>\n\t\t\t\t<\/div>\n\t\t\t\t<div class=\"elementor-element elementor-element-7b2a410 elementor-widget elementor-widget-ld_button\" data-id=\"7b2a410\" data-element_type=\"widget\" data-widget_type=\"ld_button.default\">\n\t\t\t\t<div class=\"elementor-widget-container\">\n\t\t\t\n\t\t\t<a\n\t\t\t\thref=\"https:\/\/www.ebay-deine-stadt.de\/\" target=\"_blank\" rel=\"nofollow\"class=\"elementor-button btn btn-solid btn-hover-txt-liquid-y-alt btn-sm btn-icon-right btn-hover-swp btn-has-label\"\t\t\t>\n\t\t\t\t\t\t\t\t\t<span data-text=\"ebay-deine-stadt.de\" class=\"btn-txt\" data-transition-delay=\"true\" data-delay-options=\"{&quot;elements&quot;: &quot;.lqd-chars&quot;, &quot;delayType&quot;: &quot;animation&quot;, &quot;startDelay&quot;: 0, &quot;delayBetween&quot;: 32.5}\" data-split-text=\"true\" data-split-options=\"{&quot;type&quot;: &quot;chars, words&quot;}\">\n\t\t\t\t\t\tebay-deine-stadt.de\t\t\t\t\t<\/span>\n\t\t\t\t\t\t\t\t\t\t\t\t\t\t<span class=\"btn-icon\">\n\t\t\t\t\t\t\t<svg xmlns=\"http:\/\/www.w3.org\/2000\/svg\" xmlns:xlink=\"http:\/\/www.w3.org\/1999\/xlink\" id=\"Ebene_1\" x=\"0px\" y=\"0px\" viewBox=\"0 0 560 560\" style=\"enable-background:new 0 0 560 560;\" xml:space=\"preserve\"><g>\t<g>\t\t<line style=\"fill:none;stroke:#FFFFFF;stroke-width:56;stroke-miterlimit:10;\" x1=\"86.5\" y1=\"481.5\" x2=\"455.6\" y2=\"112.4\"><\/line>\t\t<g>\t\t\t<polygon style=\"fill:#FFFFFF;\" points=\"486.3,405.6 430.3,403.6 440.4,127.7 164.4,137.8 162.4,81.7 498.5,69.5    \"><\/polygon>\t\t<\/g>\t<\/g><\/g><\/svg>\t\t\t\t\t\t<\/span>\n\t\t\t\t\t\t\t\t\t\t\t\t<span class=\"btn-icon\">\n\t\t\t\t\t\t\t<svg xmlns=\"http:\/\/www.w3.org\/2000\/svg\" xmlns:xlink=\"http:\/\/www.w3.org\/1999\/xlink\" id=\"Ebene_1\" x=\"0px\" y=\"0px\" viewBox=\"0 0 560 560\" style=\"enable-background:new 0 0 560 560;\" xml:space=\"preserve\"><g>\t<g>\t\t<line style=\"fill:none;stroke:#FFFFFF;stroke-width:56;stroke-miterlimit:10;\" x1=\"86.5\" y1=\"481.5\" x2=\"455.6\" y2=\"112.4\"><\/line>\t\t<g>\t\t\t<polygon style=\"fill:#FFFFFF;\" points=\"486.3,405.6 430.3,403.6 440.4,127.7 164.4,137.8 162.4,81.7 498.5,69.5    \"><\/polygon>\t\t<\/g>\t<\/g><\/g><\/svg>\t\t\t\t\t\t<\/span>\n\t\t\t\t\t\t\t\t\t<\/a>\n\t\t\t\t\t<\/div>\n\t\t\t\t<\/div>\n\t\t\t\t<div class=\"elementor-element elementor-element-a019021 elementor-widget elementor-widget-spacer\" data-id=\"a019021\" data-element_type=\"widget\" data-widget_type=\"spacer.default\">\n\t\t\t\t<div class=\"elementor-widget-container\">\n\t\t\t\t\t<div class=\"elementor-spacer\">\n\t\t\t<div class=\"elementor-spacer-inner\"><\/div>\n\t\t<\/div>\n\t\t\t\t<\/div>\n\t\t\t\t<\/div>\n\t\t\t\t<div class=\"elementor-element elementor-element-331d199 elementor-blockquote--skin-quotation elementor-blockquote--button-color-official elementor-widget elementor-widget-blockquote\" data-id=\"331d199\" data-element_type=\"widget\" data-widget_type=\"blockquote.default\">\n\t\t\t\t<div class=\"elementor-widget-container\">\n\t\t\t\t\t<blockquote class=\"elementor-blockquote\">\n\t\t\t<p class=\"elementor-blockquote__content\">\n\t\t\t\t\"Avec 'eBay ta ville', nous souhaitons offrir aux commer\u00e7ants une vitrine suppl\u00e9mentaire et faciliter l'acc\u00e8s au commerce en ligne. Dans ce contexte, un facteur de r\u00e9ussite d\u00e9cisif est d'avoir d\u00e8s le d\u00e9part des partenaires locaux solides \u00e0 bord. La soci\u00e9t\u00e9 nectanet GmbH le prouve par son grand engagement en faveur de l'initiative, par exemple en organisant des r\u00e9unions d'information et en prodiguant des conseils aux commer\u00e7ants int\u00e9ress\u00e9s. De m\u00eame, nous nous r\u00e9jouissons des nombreux commer\u00e7ants de la r\u00e9gion qui sont d\u00e9j\u00e0 pr\u00e9sents sur la plate-forme et qui proposent une offre attrayante aux visiteurs\".\t\t\t<\/p>\n\t\t\t\t\t\t\t<div class=\"e-q-footer\">\n\t\t\t\t\t\t\t\t\t\t\t<cite class=\"elementor-blockquote__author\">Andreas H\u00e4ntsch <\/br> eBay Deutschland  <\/br> Senior Director Seller Engagement<\/cite>\n\t\t\t\t\t\t\t\t\t\t\t\t\t\t<\/div>\n\t\t\t\t\t<\/blockquote>\n\t\t\t\t<\/div>\n\t\t\t\t<\/div>\n\t\t\t\t<div class=\"elementor-element elementor-element-2637675 elementor-widget-tablet__width-initial elementor-widget elementor-widget-ld_fancy_image\" data-id=\"2637675\" data-element_type=\"widget\" data-widget_type=\"ld_fancy_image.default\">\n\t\t\t\t<div class=\"elementor-widget-container\">\n\t\t\t\n\t\t<div class=\"lqd-imggrp-single d-block pos-rel \">\n\t\t\t<div class=\"lqd-imggrp-img-container d-inline-flex pos-rel align-items-center justify-content-center \">\n\t\t\t\t\t\t\t\t<figure class=\"w-100 pos-rel\">\n\t\t\t\t\t<img decoding=\"async\" width=\"780\" height=\"780\" src=\"data:image\/svg+xml;charset=utf-8,%3Csvg xmlns%3D&#039;http%3A%2F%2Fwww.w3.org%2F2000%2Fsvg&#039; viewBox%3D&#039;0 0 800 800&#039;%2F%3E\" class=\"attachment-large size-large wp-image-27648 ld-lazyload\" alt=\"portraitbild andreas h\u00e4ntsch ebay deine stadt\" itemprop=\"image\" data-src=\"https:\/\/nectanet.de\/wp-content\/uploads\/2024\/03\/Haentsch.jpg\" data-srcset=\"https:\/\/nectanet.de\/wp-content\/uploads\/2024\/03\/Haentsch.jpg 800w, https:\/\/nectanet.de\/wp-content\/uploads\/2024\/03\/Haentsch-300x300.jpg 300w, https:\/\/nectanet.de\/wp-content\/uploads\/2024\/03\/Haentsch-150x150.jpg 150w, https:\/\/nectanet.de\/wp-content\/uploads\/2024\/03\/Haentsch-320x320.jpg 320w, https:\/\/nectanet.de\/wp-content\/uploads\/2024\/03\/Haentsch-760x760.jpg 760w\" data-sizes=\"(max-width: 780px) 100vw, 780px\" data-aspect=\"1\" \/>\t\t\t\t\t\t\t\t\t\t\t\t\t\t\t\t\t\t\t\t\t\t\t\t\t\t\t\t\t<\/figure>\n\t\t\t<\/div>\n\t\t<\/div>\n\n\t\t\t<\/div>\n\t\t\t\t<\/div>\n\t\t\t\t<div class=\"elementor-element elementor-element-eb9c162 elementor-widget elementor-widget-spacer\" data-id=\"eb9c162\" data-element_type=\"widget\" data-widget_type=\"spacer.default\">\n\t\t\t\t<div class=\"elementor-widget-container\">\n\t\t\t\t\t<div class=\"elementor-spacer\">\n\t\t\t<div class=\"elementor-spacer-inner\"><\/div>\n\t\t<\/div>\n\t\t\t\t<\/div>\n\t\t\t\t<\/div>\n\t\t\t\t<div class=\"elementor-element elementor-element-5526911 elementor-widget elementor-widget-hub_fancy_heading\" data-id=\"5526911\" data-element_type=\"widget\" data-widget_type=\"hub_fancy_heading.default\">\n\t\t\t\t<div class=\"elementor-widget-container\">\n\t\t\t\n\t\t<div id=\"ld-fancy-heading-69f5b87b52e25\" class=\"ld-fancy-heading pos-rel\">\n\t\t\t<h2 class=\"ld-fh-element d-inline-block pos-rel  elementor-heading-title lqd-highlight-classic lqd-highlight-grow-left h2\"  > Ton achat sur place<\/h2>\t\t<\/div>\n\n\t\t\t\t<\/div>\n\t\t\t\t<\/div>\n\t\t\t\t<div class=\"elementor-element elementor-element-5c28cb5 elementor-widget elementor-widget-text-editor\" data-id=\"5c28cb5\" data-element_type=\"widget\" data-widget_type=\"text-editor.default\">\n\t\t\t\t<div class=\"elementor-widget-container\">\n\t\t\t\t\t\t\t<p class=\"p1\">Tes achats sur place &#8211; analogiques ou num\u00e9riques &#8211; apportent de la vie dans les villes et les communes de notre r\u00e9gion, assurent des existences, soutiennent la diversit\u00e9 et les petits labels, prennent en compte la durabilit\u00e9 de diverses mani\u00e8res et cr\u00e9ent des emplois et des places d&#8217;apprentissage. Il existe encore dans notre r\u00e9gion &#8211; le m\u00e9lange sain de grandes cha\u00eenes et de magasins individuels. Profite de l&#8217;offre de tes magasins locaux et contribue, par tes d\u00e9cisions d&#8217;achat conscientes, \u00e0 la durabilit\u00e9 et \u00e0 un paysage commercial sain et vari\u00e9. Achetez localement &#8211; hors ligne et en ligne &#8211; pour pr\u00e9server la diversit\u00e9 des commer\u00e7ants et pour que nos centres-villes restent attractifs.<\/p>\n\t\t\t\t\t\t<\/div>\n\t\t\t\t<\/div>\n\t\t\t\t<div class=\"elementor-element elementor-element-820c469 elementor-widget__width-inherit elementor-widget elementor-widget-ld_button\" data-id=\"820c469\" data-element_type=\"widget\" data-widget_type=\"ld_button.default\">\n\t\t\t\t<div class=\"elementor-widget-container\">\n\t\t\t\n\t\t\t<a\n\t\t\t\thref=\"https:\/\/www.ebay-deine-stadt.de\/\" target=\"_blank\" rel=\"nofollow\"class=\"elementor-button btn btn-solid btn-hover-txt-liquid-y-alt btn-sm btn-block btn-icon-right btn-hover-swp btn-has-label\"\t\t\t>\n\t\t\t\t\t\t\t\t\t<span data-text=\"ebay-deine-stadt.de\" class=\"btn-txt\" data-transition-delay=\"true\" data-delay-options=\"{&quot;elements&quot;: &quot;.lqd-chars&quot;, &quot;delayType&quot;: &quot;animation&quot;, &quot;startDelay&quot;: 0, &quot;delayBetween&quot;: 32.5}\" data-split-text=\"true\" data-split-options=\"{&quot;type&quot;: &quot;chars, words&quot;}\">\n\t\t\t\t\t\tebay-deine-stadt.de\t\t\t\t\t<\/span>\n\t\t\t\t\t\t\t\t\t\t\t\t\t\t<span class=\"btn-icon\">\n\t\t\t\t\t\t\t<svg xmlns=\"http:\/\/www.w3.org\/2000\/svg\" xmlns:xlink=\"http:\/\/www.w3.org\/1999\/xlink\" id=\"Ebene_1\" x=\"0px\" y=\"0px\" viewBox=\"0 0 560 560\" style=\"enable-background:new 0 0 560 560;\" xml:space=\"preserve\"><g>\t<g>\t\t<line style=\"fill:none;stroke:#FFFFFF;stroke-width:56;stroke-miterlimit:10;\" x1=\"86.5\" y1=\"481.5\" x2=\"455.6\" y2=\"112.4\"><\/line>\t\t<g>\t\t\t<polygon style=\"fill:#FFFFFF;\" points=\"486.3,405.6 430.3,403.6 440.4,127.7 164.4,137.8 162.4,81.7 498.5,69.5    \"><\/polygon>\t\t<\/g>\t<\/g><\/g><\/svg>\t\t\t\t\t\t<\/span>\n\t\t\t\t\t\t\t\t\t\t\t\t<span class=\"btn-icon\">\n\t\t\t\t\t\t\t<svg xmlns=\"http:\/\/www.w3.org\/2000\/svg\" xmlns:xlink=\"http:\/\/www.w3.org\/1999\/xlink\" id=\"Ebene_1\" x=\"0px\" y=\"0px\" viewBox=\"0 0 560 560\" style=\"enable-background:new 0 0 560 560;\" xml:space=\"preserve\"><g>\t<g>\t\t<line style=\"fill:none;stroke:#FFFFFF;stroke-width:56;stroke-miterlimit:10;\" x1=\"86.5\" y1=\"481.5\" x2=\"455.6\" y2=\"112.4\"><\/line>\t\t<g>\t\t\t<polygon style=\"fill:#FFFFFF;\" points=\"486.3,405.6 430.3,403.6 440.4,127.7 164.4,137.8 162.4,81.7 498.5,69.5    \"><\/polygon>\t\t<\/g>\t<\/g><\/g><\/svg>\t\t\t\t\t\t<\/span>\n\t\t\t\t\t\t\t\t\t<\/a>\n\t\t\t\t\t<\/div>\n\t\t\t\t<\/div>\n\t\t\t\t\t<\/div>\n\t\t<\/div>\n\t\t\t\t\t<\/div>\n\t\t<\/section>\n\t\t\t\t<\/div>\n\t\t","protected":false},"excerpt":{"rendered":"<p>DigiKomm Ebay deine Stadt black forest career black forest health krisenhelfer Personne de contact Linda Lehmann contacter eBay votre ville Commerce de d\u00e9tail Notre contribution \u00e0 la pr\u00e9servation du commerce de d\u00e9tail : ax\u00e9e sur la technologie et l&#8217;innovation. La Black Forest Power Region a \u00e9t\u00e9 la premi\u00e8re r\u00e9gion \u00e0 l&#8217;\u00e9chelle nationale \u00e0 \u00e9tablir un [&hellip;]<\/p>\n","protected":false},"author":2,"featured_media":0,"parent":26042,"menu_order":0,"comment_status":"closed","ping_status":"closed","template":"","meta":{"_acf_changed":false,"footnotes":""},"class_list":["post-25996","page","type-page","status-publish","hentry"],"acf":[],"aioseo_notices":[],"_links":{"self":[{"href":"https:\/\/nectanet.de\/fr\/wp-json\/wp\/v2\/pages\/25996","targetHints":{"allow":["GET"]}}],"collection":[{"href":"https:\/\/nectanet.de\/fr\/wp-json\/wp\/v2\/pages"}],"about":[{"href":"https:\/\/nectanet.de\/fr\/wp-json\/wp\/v2\/types\/page"}],"author":[{"embeddable":true,"href":"https:\/\/nectanet.de\/fr\/wp-json\/wp\/v2\/users\/2"}],"replies":[{"embeddable":true,"href":"https:\/\/nectanet.de\/fr\/wp-json\/wp\/v2\/comments?post=25996"}],"version-history":[{"count":13,"href":"https:\/\/nectanet.de\/fr\/wp-json\/wp\/v2\/pages\/25996\/revisions"}],"predecessor-version":[{"id":27740,"href":"https:\/\/nectanet.de\/fr\/wp-json\/wp\/v2\/pages\/25996\/revisions\/27740"}],"up":[{"embeddable":true,"href":"https:\/\/nectanet.de\/fr\/wp-json\/wp\/v2\/pages\/26042"}],"wp:attachment":[{"href":"https:\/\/nectanet.de\/fr\/wp-json\/wp\/v2\/media?parent=25996"}],"curies":[{"name":"wp","href":"https:\/\/api.w.org\/{rel}","templated":true}]}}