{"id":25336,"date":"2023-10-18T06:22:38","date_gmt":"2023-10-18T06:22:38","guid":{"rendered":"https:\/\/nectanet.de\/hitradio-ear\/"},"modified":"2024-03-05T09:41:02","modified_gmt":"2024-03-05T09:41:02","slug":"hitradio-ohr","status":"publish","type":"page","link":"https:\/\/nectanet.de\/en\/news\/hitradio-ohr\/","title":{"rendered":"Hitradio Ohr"},"content":{"rendered":"\t\t<div data-elementor-type=\"wp-page\" data-elementor-id=\"25336\" class=\"elementor elementor-25336 elementor-764\" data-elementor-post-type=\"page\">\n\t\t\t\t\t\t<section class=\"elementor-section elementor-top-section elementor-element elementor-element-f2e6e29 elementor-section-content-middle elementor-section-boxed elementor-section-height-default elementor-section-height-default\" data-id=\"f2e6e29\" data-element_type=\"section\" data-settings=\"{&quot;background_background&quot;:&quot;classic&quot;}\">\n\t\t\t\t\t\t<div class=\"elementor-container elementor-column-gap-default\">\n\t\t\t\t\t<div class=\"elementor-column elementor-col-66 elementor-top-column elementor-element elementor-element-f1a5a78\" data-id=\"f1a5a78\" data-element_type=\"column\">\n\t\t\t<div class=\"elementor-widget-wrap elementor-element-populated\">\n\t\t\t\t\t\t<div class=\"elementor-element elementor-element-ae100d5 elementor-widget elementor-widget-hub_fancy_heading\" data-id=\"ae100d5\" data-element_type=\"widget\" data-widget_type=\"hub_fancy_heading.default\">\n\t\t\t\t<div class=\"elementor-widget-container\">\n\t\t\t\n\t\t<div id=\"ld-fancy-heading-69e061fbee433\" class=\"ld-fancy-heading pos-rel\">\n\t\t\t<h6 class=\"ld-fh-element d-inline-block pos-rel  elementor-heading-title lqd-highlight-classic lqd-highlight-grow-left h6\"  > HitRadioOhr<\/h6>\t\t<\/div>\n\n\t\t\t\t<\/div>\n\t\t\t\t<\/div>\n\t\t\t\t<div class=\"elementor-element elementor-element-737eec0 elementor-widget elementor-widget-hub_fancy_heading\" data-id=\"737eec0\" data-element_type=\"widget\" data-widget_type=\"hub_fancy_heading.default\">\n\t\t\t\t<div class=\"elementor-widget-container\">\n\t\t\t\n\t\t<div id=\"ld-fancy-heading-69e061fbee92a\" class=\"ld-fancy-heading pos-rel\">\n\t\t\t<h1 class=\"ld-fh-element d-inline-block pos-rel  elementor-heading-title lqd-highlight-classic lqd-highlight-grow-left h1\"  > News from the<\/br> company<\/h1>\t\t<\/div>\n\n\t\t\t\t<\/div>\n\t\t\t\t<\/div>\n\t\t\t\t\t<\/div>\n\t\t<\/div>\n\t\t\t\t<div class=\"elementor-column elementor-col-33 elementor-top-column elementor-element elementor-element-2145a00\" data-id=\"2145a00\" data-element_type=\"column\">\n\t\t\t<div class=\"elementor-widget-wrap elementor-element-populated\">\n\t\t\t\t\t\t<div class=\"elementor-element elementor-element-7dff91a elementor-widget elementor-widget-image\" data-id=\"7dff91a\" data-element_type=\"widget\" data-widget_type=\"image.default\">\n\t\t\t\t<div class=\"elementor-widget-container\">\n\t\t\t\t\t\t\t\t\t\t\t\t\t<img fetchpriority=\"high\" decoding=\"async\" width=\"780\" height=\"316\" src=\"https:\/\/nectanet.de\/wp-content\/uploads\/2023\/11\/Hitradioohr_logo.svg-1024x415.png\" class=\"attachment-large size-large wp-image-21062\" alt=\"logo hitradio ohr\" srcset=\"https:\/\/nectanet.de\/wp-content\/uploads\/2023\/11\/Hitradioohr_logo.svg-1024x415.png 1024w, https:\/\/nectanet.de\/wp-content\/uploads\/2023\/11\/Hitradioohr_logo.svg-300x122.png 300w, https:\/\/nectanet.de\/wp-content\/uploads\/2023\/11\/Hitradioohr_logo.svg.png 1200w\" sizes=\"(max-width: 780px) 100vw, 780px\" \/>\t\t\t\t\t\t\t\t\t\t\t\t\t<\/div>\n\t\t\t\t<\/div>\n\t\t\t\t<div class=\"elementor-element elementor-element-5f14ec2 elementor-widget elementor-widget-hub_fancy_heading\" data-id=\"5f14ec2\" data-element_type=\"widget\" data-widget_type=\"hub_fancy_heading.default\">\n\t\t\t\t<div class=\"elementor-widget-container\">\n\t\t\t\n\t\t<div id=\"ld-fancy-heading-69e061fbefdc6\" class=\"ld-fancy-heading pos-rel\">\n\t\t\t<p class=\"ld-fh-element d-inline-block pos-rel  lqd-highlight-classic lqd-highlight-grow-left p\"  > Your news and reports from the region. Simply closer.<\/p>\t\t<\/div>\n\n\t\t\t\t<\/div>\n\t\t\t\t<\/div>\n\t\t\t\t\t<\/div>\n\t\t<\/div>\n\t\t\t\t\t<\/div>\n\t\t<\/section>\n\t\t<div class=\"elementor-element elementor-element-a0bc42a e-flex e-con-boxed e-con e-parent\" data-id=\"a0bc42a\" data-element_type=\"container\">\n\t\t\t\t\t<div class=\"e-con-inner\">\n\t\t\t\t<div class=\"elementor-element elementor-element-e137d4f elementor-widget elementor-widget-ld_blog\" data-id=\"e137d4f\" data-element_type=\"widget\" data-widget_type=\"ld_blog.default\">\n\t\t\t\t<div class=\"elementor-widget-container\">\n\t\t\t<div class=\"lqd-lp-grid e137d4f blog-id-236158287 \"><div class=\"lqd-lp-row row pos-rel d-flex flex-wrap\" ><div class=\"lqd-lp-column d-flex flex-column col-md-12 hitradioohr-en\"><article id=\"post-27243\" class=\"lqd-lp pos-rel lqd-lp-style-7 lqd-lp-hover-img-zoom text-start post-27243 post type-post status-publish format-audio hentry category-hitradioohr-en post_format-post-format-audio\">\r\n\r\n<header class=\"lqd-lp-header\">\r\n\r\n\t<div class=\"lqd-lp-meta lqd-lp-meta-dot-between d-flex flex-wrap align-items-center font-weight-bold text-uppercase ltr-sp-1\">\r\n\t\t\r\n\t\t\r\n\t\t<time class=\"lqd-lp-date\" datetime=\"2025-07-07T13:16:00+00:00\">9 months ago<\/time>\r\n\t<\/div>\r\n\r\n\t\t\t<h2 class=\"entry-title lqd-lp-title mt-3 mb-4 h5\">nectanet Business-News (KW8)<\/h2>\t\t\r\n\t\t<div class=\"post-audio\"><audio class=\"wp-audio-shortcode\" id=\"audio-27243-1\" preload=\"none\" style=\"width: 100%;\" controls=\"controls\"><source type=\"audio\/mpeg\" src=\"https:\/\/nectanet.de\/wp-content\/uploads\/2023\/11\/nectanet-business-news-KW-42.mp3?_=1\" \/><a href=\"https:\/\/nectanet.de\/wp-content\/uploads\/2023\/11\/nectanet-business-news-KW-42.mp3\">https:\/\/nectanet.de\/wp-content\/uploads\/2023\/11\/nectanet-business-news-KW-42.mp3<\/a><\/audio><\/div>\t\r\n<\/header>\r\n\r\n\t\t\t<div class=\"lqd-lp-excerpt mb-5\">\n\t\t\t\tIn this episode of nectanet Business News: Richter Aluminum becomes the newest member of the nectanet network. Due to increased demand, J. Schneider Elektrotechnik is expanding its production areas and further developing existing locations.\t\t\t<\/div>\n\t\t\r\n<footer class=\"lqd-lp-footer\">\r\n\r\n\t<div class=\"lqd-lp-meta\">\r\n\t\t<div class=\"lqd-lp-author d-inline-flex flex-wrap align-items-center pos-rel z-index-3\">\r\n\r\n\t\t\t<a href=\"https:\/\/nectanet.de\/en\/author\/sinusquadrat\/\" class=\"lqd-overlay\"><\/a>\r\n\t\t\t<figure class=\"border-radius-circle overflow-hidden\">\r\n\t\t\t\t<img alt='SinusQuadrat' src='https:\/\/secure.gravatar.com\/avatar\/47bfe2b8082f458c98a19b7f1d924c21831f13e726835e1ac03146e657f9a9cf?s=50&#038;d=mm&#038;r=g' srcset='https:\/\/secure.gravatar.com\/avatar\/47bfe2b8082f458c98a19b7f1d924c21831f13e726835e1ac03146e657f9a9cf?s=100&#038;d=mm&#038;r=g 2x' class='avatar avatar-50 photo w-100' height='50' width='50' \/>\t\t\t<\/figure>\r\n\t\t\t<div class=\"lqd-lp-author-info ms-3 ml-3\">\r\n\t\t\t\t<h3 class=\"mt-0 mb-0 text-uppercase ltr-sp-1 font-weight-bold\">SinusQuadrat<\/h3>\r\n\t\t\t<\/div>\r\n\r\n\t\t<\/div>\r\n\t<\/div>\r\n\r\n<\/footer>\r\n\r\n<\/article><\/div><div class=\"lqd-lp-column d-flex flex-column col-md-12 hitradioohr-en\"><article id=\"post-27251\" class=\"lqd-lp pos-rel lqd-lp-style-7 lqd-lp-hover-img-zoom text-start post-27251 post type-post status-publish format-audio hentry category-hitradioohr-en post_format-post-format-audio\">\r\n\r\n<header class=\"lqd-lp-header\">\r\n\r\n\t<div class=\"lqd-lp-meta lqd-lp-meta-dot-between d-flex flex-wrap align-items-center font-weight-bold text-uppercase ltr-sp-1\">\r\n\t\t\r\n\t\t\r\n\t\t<time class=\"lqd-lp-date\" datetime=\"2025-06-23T13:15:00+00:00\">10 months ago<\/time>\r\n\t<\/div>\r\n\r\n\t\t\t<h2 class=\"entry-title lqd-lp-title mt-3 mb-4 h5\">nectanet Business-News (KW7)<\/h2>\t\t\r\n\t\t<div class=\"post-audio\"><audio class=\"wp-audio-shortcode\" id=\"audio-27251-2\" preload=\"none\" style=\"width: 100%;\" controls=\"controls\"><source type=\"audio\/wav\" src=\"https:\/\/nectanet.de\/wp-content\/uploads\/2023\/11\/nectanet-business-news-KW-41.wav?_=2\" \/><a href=\"https:\/\/nectanet.de\/wp-content\/uploads\/2023\/11\/nectanet-business-news-KW-41.wav\">https:\/\/nectanet.de\/wp-content\/uploads\/2023\/11\/nectanet-business-news-KW-41.wav<\/a><\/audio><\/div>\t\r\n<\/header>\r\n\r\n\t\t\t<div class=\"lqd-lp-excerpt mb-5\">\n\t\t\t\tIn this episode of nectanet Business News: Karl Knauer KG secures an award at the German Packaging Prize. Volksbank Mittlerer Schwarzwald opens the door to the world of cryptocurrencies. S\u00fcddeutsche Landesverkehrs GmbH (SWEG) is investing in innovative software solutions.\t\t\t<\/div>\n\t\t\r\n<footer class=\"lqd-lp-footer\">\r\n\r\n\t<div class=\"lqd-lp-meta\">\r\n\t\t<div class=\"lqd-lp-author d-inline-flex flex-wrap align-items-center pos-rel z-index-3\">\r\n\r\n\t\t\t<a href=\"https:\/\/nectanet.de\/en\/author\/sinusquadrat\/\" class=\"lqd-overlay\"><\/a>\r\n\t\t\t<figure class=\"border-radius-circle overflow-hidden\">\r\n\t\t\t\t<img alt='SinusQuadrat' src='https:\/\/secure.gravatar.com\/avatar\/47bfe2b8082f458c98a19b7f1d924c21831f13e726835e1ac03146e657f9a9cf?s=50&#038;d=mm&#038;r=g' srcset='https:\/\/secure.gravatar.com\/avatar\/47bfe2b8082f458c98a19b7f1d924c21831f13e726835e1ac03146e657f9a9cf?s=100&#038;d=mm&#038;r=g 2x' class='avatar avatar-50 photo w-100' height='50' width='50' \/>\t\t\t<\/figure>\r\n\t\t\t<div class=\"lqd-lp-author-info ms-3 ml-3\">\r\n\t\t\t\t<h3 class=\"mt-0 mb-0 text-uppercase ltr-sp-1 font-weight-bold\">SinusQuadrat<\/h3>\r\n\t\t\t<\/div>\r\n\r\n\t\t<\/div>\r\n\t<\/div>\r\n\r\n<\/footer>\r\n\r\n<\/article><\/div><div class=\"lqd-lp-column d-flex flex-column col-md-12 hitradioohr-en\"><article id=\"post-27239\" class=\"lqd-lp pos-rel lqd-lp-style-7 lqd-lp-hover-img-zoom text-start post-27239 post type-post status-publish format-audio hentry category-hitradioohr-en post_format-post-format-audio\">\r\n\r\n<header class=\"lqd-lp-header\">\r\n\r\n\t<div class=\"lqd-lp-meta lqd-lp-meta-dot-between d-flex flex-wrap align-items-center font-weight-bold text-uppercase ltr-sp-1\">\r\n\t\t\r\n\t\t\r\n\t\t<time class=\"lqd-lp-date\" datetime=\"2025-06-16T16:10:00+00:00\">10 months ago<\/time>\r\n\t<\/div>\r\n\r\n\t\t\t<h2 class=\"entry-title lqd-lp-title mt-3 mb-4 h5\">nectanet Business-News (KW9)<\/h2>\t\t\r\n\t\t<div class=\"post-audio\"><audio class=\"wp-audio-shortcode\" id=\"audio-27239-3\" preload=\"none\" style=\"width: 100%;\" controls=\"controls\"><source type=\"audio\/mpeg\" src=\"https:\/\/nectanet.de\/wp-content\/uploads\/2023\/11\/nectanet-business-news-KW-40.mp3?_=3\" \/><a href=\"https:\/\/nectanet.de\/wp-content\/uploads\/2023\/11\/nectanet-business-news-KW-40.mp3\">https:\/\/nectanet.de\/wp-content\/uploads\/2023\/11\/nectanet-business-news-KW-40.mp3<\/a><\/audio><\/div>\t\r\n<\/header>\r\n\r\n\t\t\t<div class=\"lqd-lp-excerpt mb-5\">\n\t\t\t\tIn this episode of nectanet Business News: Dishwashing technology specialist HOBART has been awarded the coveted \"Next of Market 2024\" industry prize. Sparkasse Offenburg Orrtenau draws a good balance sheet for the 2023 financial year. Hodapp is one of the most sought-after manufacturers of innovative special door solutions in Europe.\t\t\t<\/div>\n\t\t\r\n<footer class=\"lqd-lp-footer\">\r\n\r\n\t<div class=\"lqd-lp-meta\">\r\n\t\t<div class=\"lqd-lp-author d-inline-flex flex-wrap align-items-center pos-rel z-index-3\">\r\n\r\n\t\t\t<a href=\"https:\/\/nectanet.de\/en\/author\/sinusquadrat\/\" class=\"lqd-overlay\"><\/a>\r\n\t\t\t<figure class=\"border-radius-circle overflow-hidden\">\r\n\t\t\t\t<img alt='SinusQuadrat' src='https:\/\/secure.gravatar.com\/avatar\/47bfe2b8082f458c98a19b7f1d924c21831f13e726835e1ac03146e657f9a9cf?s=50&#038;d=mm&#038;r=g' srcset='https:\/\/secure.gravatar.com\/avatar\/47bfe2b8082f458c98a19b7f1d924c21831f13e726835e1ac03146e657f9a9cf?s=100&#038;d=mm&#038;r=g 2x' class='avatar avatar-50 photo w-100' height='50' width='50' \/>\t\t\t<\/figure>\r\n\t\t\t<div class=\"lqd-lp-author-info ms-3 ml-3\">\r\n\t\t\t\t<h3 class=\"mt-0 mb-0 text-uppercase ltr-sp-1 font-weight-bold\">SinusQuadrat<\/h3>\r\n\t\t\t<\/div>\r\n\r\n\t\t<\/div>\r\n\t<\/div>\r\n\r\n<\/footer>\r\n\r\n<\/article><\/div><\/div><!--\/ .row --><\/div><!--\/ .lqd-lp-grid -->\t\t<\/div>\n\t\t\t\t<\/div>\n\t\t\t\t\t<\/div>\n\t\t\t\t<\/div>\n\t\t\t\t<\/div>\n\t\t","protected":false},"excerpt":{"rendered":"<p>HitRadioOhr News from the company Your news and reports from the region. Simply closer. vor 1 Woche nectanet Business-News (semaine 9) https:\/\/nectanet.de\/wp-content\/uploads\/2023\/11\/nectanet-business-news-KW-40.mp3 Dans cet \u00e9pisode des actualit\u00e9s commerciales de nectanet : le sp\u00e9cialiste des techniques de lavage HOBART a re\u00e7u le prix tr\u00e8s convoit\u00e9 de la branche &#8220;Next of Market 2024&#8221;. La Sparkasse Offenburg Orrtenau dresse un bon bilan pour l&#8217;exercice 2023. La soci\u00e9t\u00e9 Hodapp compte parmi les fabricants particuli\u00e8rement demand\u00e9s de solutions innovantes de portes sp\u00e9ciales dans toute l&#8217;Europe. SinusQuadrat vor 4 Monaten nectanet Business-News (semaine 8) https:\/\/nectanet.de\/wp-content\/uploads\/2023\/11\/nectanet-business-news-KW-42.mp3 Dans cet \u00e9pisode des actualit\u00e9s commerciales de nectanet : l&#8217;entreprise Richter Aluminium devient le dernier membre du r\u00e9seau nectanet. En raison d&#8217;une demande accrue, J. Schneider Elektrotechnik \u00e9tend ses surfaces de production et d\u00e9veloppe les sites existants. SinusQuadrat vor 4 Monaten nectanet Business-News (semaine 7) https:\/\/nectanet.de\/wp-content\/uploads\/2023\/11\/nectanet-business-news-KW-41.wav Dans cet \u00e9pisode de nectanet Business-News : Karl Knauer KG s&#8217;assure une distinction lors du Prix allemand de l&#8217;emballage. La Volksbank Mittlerer Schwarzwald ouvre la porte au monde des crypto-monnaies. La soci\u00e9t\u00e9 S\u00fcddeutsche Landesverkehrs GmbH (SWEG) investit dans des solutions logicielles innovantes. SinusQuadrat<\/p>\n","protected":false},"author":2,"featured_media":0,"parent":25393,"menu_order":0,"comment_status":"closed","ping_status":"closed","template":"","meta":{"_acf_changed":false,"footnotes":""},"class_list":["post-25336","page","type-page","status-publish","hentry"],"acf":[],"aioseo_notices":[],"_links":{"self":[{"href":"https:\/\/nectanet.de\/en\/wp-json\/wp\/v2\/pages\/25336","targetHints":{"allow":["GET"]}}],"collection":[{"href":"https:\/\/nectanet.de\/en\/wp-json\/wp\/v2\/pages"}],"about":[{"href":"https:\/\/nectanet.de\/en\/wp-json\/wp\/v2\/types\/page"}],"author":[{"embeddable":true,"href":"https:\/\/nectanet.de\/en\/wp-json\/wp\/v2\/users\/2"}],"replies":[{"embeddable":true,"href":"https:\/\/nectanet.de\/en\/wp-json\/wp\/v2\/comments?post=25336"}],"version-history":[{"count":11,"href":"https:\/\/nectanet.de\/en\/wp-json\/wp\/v2\/pages\/25336\/revisions"}],"predecessor-version":[{"id":27265,"href":"https:\/\/nectanet.de\/en\/wp-json\/wp\/v2\/pages\/25336\/revisions\/27265"}],"up":[{"embeddable":true,"href":"https:\/\/nectanet.de\/en\/wp-json\/wp\/v2\/pages\/25393"}],"wp:attachment":[{"href":"https:\/\/nectanet.de\/en\/wp-json\/wp\/v2\/media?parent=25336"}],"curies":[{"name":"wp","href":"https:\/\/api.w.org\/{rel}","templated":true}]}}